{"id":68,"date":"2018-09-09T16:29:20","date_gmt":"2018-09-09T14:29:20","guid":{"rendered":"http:\/\/heenen-rechtsanwalt.cms7.de\/?page_id=68"},"modified":"2021-03-24T20:29:01","modified_gmt":"2021-03-24T19:29:01","slug":"impressum-legalnotice","status":"publish","type":"page","link":"https:\/\/heenen-law.com\/en\/impressum-legalnotice\/","title":{"rendered":"Legal Notice"},"content":{"rendered":"<p><strong>Provider Identification\/ Legal Information\/ Liability and Information:<br \/>\n<\/strong><br \/>\nHeenen Rechtsanw\u00e4lte Partnerschaft (hereinafter also referred to as \u201eHeenen Rechtsanw\u00e4lte\u201c)<\/p>\n<p>Hansaring 45 \u2013 47<br \/>\n50670 Cologne<br \/>\nGermany<br \/>\n(main office)<\/p>\n<p>Tel.: +49-221-913929-80<br \/>\nFax: + 49-221-138002<\/p>\n<p>Dahmestra\u00dfe 16a<br \/>\n12527 Berlin<br \/>\n(branch office)<br \/>\nTel.: +49-30-58911269<br \/>\nFax: + 49-221-138002<\/p>\n<p>Weidenbachweg 1<br \/>\n53332 Bornheim<br \/>\n(branch office)<br \/>\nTel.: + 49-2227-5219<br \/>\nFax: + 49-2227-904063<br \/>\nMail: info@heenen-law.com<\/p>\n<p><strong>Managing partners (authorized to sole representation):<br \/>\n<\/strong><br \/>\nDr. Norbert Heenen, Cologne<br \/>\nDoris Duttenhofer, Bornheim<\/p>\n<p>Seat of the Partnerschaftsgesellschaft: Cologne<br \/>\nRegistration Court: AG Essen PR 1975<br \/>\nVAT.ID.-no.: DE260875906<\/p>\n<p>All lawyers are registered in the Federal Republic of Germany. The statutory title \u201eRechtsanwalt\u201c (lawyer) was awarded in the Federal Republic of Germany. All lawyers are members of the Cologne Chamber of Lawyers (Rechtsanwaltskammer K\u00f6ln) Riehler Str. 30, 50668 Cologne (http:\/\/www.rak-koeln.de).<\/p>\n<p>The following professional codes of practice (in German) can be consulted on the website of the Federal Chamber of Lawyers (Bundesrechtsanwaltskammer) www.brak.de under the title \u201eInformation duties under. \u00a7 5 TMG\u201d:<\/p>\n<ul>\n<li>BRAO Bundesrechtsanwaltsordnung<\/li>\n<li>BORA Berufsordnung f\u00fcr Rechtsanw\u00e4lte<\/li>\n<li>FAO Fachanwaltsordnung<\/li>\n<li>RVG Rechtsanwaltsverg\u00fctungsgesetz<\/li>\n<li>CCBE Berufsregeln der Rechtsanw\u00e4lte der europ\u00e4ischen Gemeinschaft<\/li>\n<li>EuRAG Gesetz \u00fcber die T\u00e4tigkeit europ\u00e4ischer Rechtsanw\u00e4lte in Deutschland<\/li>\n<\/ul>\n<p>The aforementioned regulations and additional regulations are accessible at the homepage of the Federal Chamber of Lawyers (<a href=\"http:\/\/www.brak.de\/\" target=\"_blank\" rel=\"noopener\">http:\/\/www.brak.de\/<\/a>) under the heading &#8216;Berufsrecht&#8217;.<\/p>\n<p>Professional indemnity insurance is held re Dr. Norbert Heenen, Doris Duttenhofer and Tobias Korth with Markel International Insurance Company LIMITED \u2013 Niederlassung f\u00fcr Deutschland, Sophienstra. 26, 80333 Munich.. The geographical scope of the insurance covers activities in the Member States of the European Union. Consequently it satisfies or exceeds the requirements of section 51 of the Federal Lawyers\u2019 Act (BRAO).<\/p>\n<p><strong>Disclaimer of Liability and Warranties<\/strong><\/p>\n<p>We stress that we cannot guarantee the accuracy or completeness of the information offered. This applies, in particular, to the links listed. For their content we assume no responsibility. The information offered here does not constitute any legal advice.<\/p>\n<p>In the event of disputes between lawyers and their clients, the option of alternative dispute resolution may be requested at the Bar Association competent for the respective lawyer (in accordance with section 73(2) No. 3, (5) German Federal Lawyers\u2019 Act (BRAO)). Another option of extrajudicial mediation is provided by the Lawyers&#8217; Mediation Board (section 191f BRAO) at the German Federal Bar Association.<\/p>\n<p>Information for consumers on settlement of consumers\u2019 disputes:<\/p>\n<p>Platform for Online Dispute Resolution provided by EU Commission:<\/p>\n<p><a href=\"http:\/\/www.ec.europa.eu\/consumers\/odr\" target=\"_blank\" rel=\"noopener\">www.ec.europa.eu\/consumers\/odr<\/a><\/p>\n<p>Pursuant to \u00a7 36 of the Consumer Dispute Resolution Act (\u201cVerbraucherstreitbeilegungsgesetz\u201d &#8211; VSBG), reference is made to the Lawyers&#8217; Mediation Board. This is a consumer arbitration board (\u201cVerbraucherschlichtungsstelle\u201d) within the meaning of the Consumer Dispute Resolution Act (VSBG) and mediates in property disputes between client and lawyer. Heenen Rechtsanw\u00e4lte are neither obliged to participate in a dispute resolution procedure by way of Online Dispute Resolution nor at the Lawyers&#8217; Mediation Board, nor do they agree to participate in such a procedure in advance. The option of dispute resolution by a consumer arbitration board (\u201cVerbraucherschlichtungsstelle\u201d) in the course of or during a specific dispute with the agreement of both contracting parties pursuant to \u00a7 37 VSBG remains unaffected.<\/p>\n<p>Every effort has been made to ensure the accuracy of the information and links under heenen-law.com. However, any liability in connection with the use of the information, the links or the trust in their correctness is excluded.<\/p>\n<p>All information on this Website is for general information purposes only; in particular, it is no legal advice.<\/p>\n<p>If you contact us by e-mail please remember that the technical frame conditions on the internet mean that the confidentiality of the e-mails is not guaranteed. E-mails can be changed by third parties or get lost.<\/p>\n<p><strong>Please do not send any confidential e-mails to us. Furthermore, we would also stress, for the same reasons, that we are unable to accept a referral by e-mail. A referral may be accepted only by phone or by letter.<\/strong><\/p>\n<p><strong>E-Mails to us have no legal validity in terms of deadlines.<\/strong><\/p>\n","protected":false},"excerpt":{"rendered":"<p>Provider Identification\/ Legal Information\/ Liability and Information: Heenen Rechtsanw\u00e4lte Partnerschaft (hereinafter also referred to as \u201eHeenen Rechtsanw\u00e4lte\u201c) Hansaring 45 \u2013 47 50670 Cologne Germany (main office) Tel.: +49-221-913929-80 Fax: + 49-221-138002 Dahmestra\u00dfe 16a 12527&#46;&#46;&#46;<\/p>\n","protected":false},"author":2,"featured_media":0,"parent":0,"menu_order":0,"comment_status":"closed","ping_status":"closed","template":"","meta":{"footnotes":""},"class_list":["post-68","page","type-page","status-publish","hentry"],"translation":{"provider":"WPGlobus","version":"3.0.2","language":"en","enabled_languages":["de","en"],"languages":{"de":{"title":true,"content":true,"excerpt":false},"en":{"title":true,"content":true,"excerpt":false}}},"_links":{"self":[{"href":"https:\/\/heenen-law.com\/en\/wp-json\/wp\/v2\/pages\/68","targetHints":{"allow":["GET"]}}],"collection":[{"href":"https:\/\/heenen-law.com\/en\/wp-json\/wp\/v2\/pages"}],"about":[{"href":"https:\/\/heenen-law.com\/en\/wp-json\/wp\/v2\/types\/page"}],"author":[{"embeddable":true,"href":"https:\/\/heenen-law.com\/en\/wp-json\/wp\/v2\/users\/2"}],"replies":[{"embeddable":true,"href":"https:\/\/heenen-law.com\/en\/wp-json\/wp\/v2\/comments?post=68"}],"version-history":[{"count":9,"href":"https:\/\/heenen-law.com\/en\/wp-json\/wp\/v2\/pages\/68\/revisions"}],"predecessor-version":[{"id":397,"href":"https:\/\/heenen-law.com\/en\/wp-json\/wp\/v2\/pages\/68\/revisions\/397"}],"wp:attachment":[{"href":"https:\/\/heenen-law.com\/en\/wp-json\/wp\/v2\/media?parent=68"}],"curies":[{"name":"wp","href":"https:\/\/api.w.org\/{rel}","templated":true}]}}