{"id":61,"date":"2018-09-09T16:22:06","date_gmt":"2018-09-09T14:22:06","guid":{"rendered":"http:\/\/heenen-rechtsanwalt.cms7.de\/?page_id=61"},"modified":"2018-09-09T16:22:06","modified_gmt":"2018-09-09T14:22:06","slug":"kompetenzen","status":"publish","type":"page","link":"https:\/\/heenen-law.com\/en\/kompetenzen\/","title":{"rendered":"Kompetenzen"},"content":{"rendered":"<ul>\n<li>Gesellschafts- und Wirtschaftsrecht<\/li>\n<li>Arbeitsrecht f\u00fcr Unternehmen<\/li>\n<li>Arbeitsrecht f\u00fcr Besch\u00e4ftigte<\/li>\n<li>Familienrecht<\/li>\n<li>Erbrecht f\u00fcr Unternehmer<\/li>\n<li>Erbrecht f\u00fcr Verbraucher<\/li>\n<\/ul>\n","protected":false},"excerpt":{"rendered":"<p>Gesellschafts- und Wirtschaftsrecht Arbeitsrecht f\u00fcr Unternehmen Arbeitsrecht f\u00fcr Besch\u00e4ftigte Familienrecht Erbrecht f\u00fcr Unternehmer Erbrecht f\u00fcr Verbraucher<\/p>\n","protected":false},"author":2,"featured_media":0,"parent":0,"menu_order":0,"comment_status":"closed","ping_status":"closed","template":"","meta":{"footnotes":""},"class_list":["post-61","page","type-page","status-publish","hentry"],"translation":{"provider":"WPGlobus","version":"3.0.2","language":"en","enabled_languages":["de","en"],"languages":{"de":{"title":true,"content":true,"excerpt":false},"en":{"title":false,"content":false,"excerpt":false}}},"_links":{"self":[{"href":"https:\/\/heenen-law.com\/en\/wp-json\/wp\/v2\/pages\/61","targetHints":{"allow":["GET"]}}],"collection":[{"href":"https:\/\/heenen-law.com\/en\/wp-json\/wp\/v2\/pages"}],"about":[{"href":"https:\/\/heenen-law.com\/en\/wp-json\/wp\/v2\/types\/page"}],"author":[{"embeddable":true,"href":"https:\/\/heenen-law.com\/en\/wp-json\/wp\/v2\/users\/2"}],"replies":[{"embeddable":true,"href":"https:\/\/heenen-law.com\/en\/wp-json\/wp\/v2\/comments?post=61"}],"version-history":[{"count":2,"href":"https:\/\/heenen-law.com\/en\/wp-json\/wp\/v2\/pages\/61\/revisions"}],"predecessor-version":[{"id":370,"href":"https:\/\/heenen-law.com\/en\/wp-json\/wp\/v2\/pages\/61\/revisions\/370"}],"wp:attachment":[{"href":"https:\/\/heenen-law.com\/en\/wp-json\/wp\/v2\/media?parent=61"}],"curies":[{"name":"wp","href":"https:\/\/api.w.org\/{rel}","templated":true}]}}